{"id":1697,"date":"2026-05-12T00:14:24","date_gmt":"2026-05-12T00:14:24","guid":{"rendered":"https:\/\/powermode.bcardmexico.com\/?post_type=product&#038;p=1697"},"modified":"2026-05-12T20:47:51","modified_gmt":"2026-05-12T20:47:51","slug":"playera-version-jugador-atletico-nacional-de-colombia","status":"publish","type":"product","link":"https:\/\/powermode.bcardmexico.com\/?product=playera-version-jugador-atletico-nacional-de-colombia","title":{"rendered":"Playera Atl\u00e9tico Nacional de Colombia 2024"},"content":{"rendered":"<p><img loading=\"lazy\" loading=\"lazy\" decoding=\"async\" class=\"alignnone size-medium wp-image-1695\" src=\"https:\/\/powermode.bcardmexico.com\/wp-content\/uploads\/2026\/05\/WhatsApp-Image-2026-05-11-at-17.29.48-1-300x74.jpeg\" alt=\"\" width=\"300\" height=\"74\" srcset=\"https:\/\/powermode.bcardmexico.com\/wp-content\/uploads\/2026\/05\/WhatsApp-Image-2026-05-11-at-17.29.48-1-300x74.jpeg 300w, https:\/\/powermode.bcardmexico.com\/wp-content\/uploads\/2026\/05\/WhatsApp-Image-2026-05-11-at-17.29.48-1-600x149.jpeg 600w, https:\/\/powermode.bcardmexico.com\/wp-content\/uploads\/2026\/05\/WhatsApp-Image-2026-05-11-at-17.29.48-1-1x1.jpeg 1w, https:\/\/powermode.bcardmexico.com\/wp-content\/uploads\/2026\/05\/WhatsApp-Image-2026-05-11-at-17.29.48-1-10x2.jpeg 10w, https:\/\/powermode.bcardmexico.com\/wp-content\/uploads\/2026\/05\/WhatsApp-Image-2026-05-11-at-17.29.48-1.jpeg 678w\" sizes=\"auto, (max-width: 300px) 100vw, 300px\" \/><\/p>\n<p>&nbsp;<\/p>\n<p>&nbsp;<\/p>\n<p>&nbsp;<\/p>\n<p>TODOS NUESTROS PRECIOS INCLUYEN ENVIO A DOMICILIO COMPLETAMENTE GRATIS!!<\/p>\n","protected":false},"excerpt":{"rendered":"<p data-path-to-node=\"3\"><b data-path-to-node=\"3\" data-index-in-node=\"0\"><\/b> Jersey Atl\u00e9tico Nacional &#8211; Versi\u00f3n Jugador 2026<\/p>\n<p data-path-to-node=\"4\"><b data-path-to-node=\"4\" data-index-in-node=\"0\">Descripci\u00f3n:<\/b> Lleva el rendimiento del &#8220;Rey de Copas&#8221; al siguiente nivel. Esta versi\u00f3n de jugador del Atl\u00e9tico Nacional est\u00e1 dise\u00f1ada con tecnolog\u00eda de alto rendimiento, exactamente igual a la que utilizan los profesionales en el Atanasio Girardot.<\/p>\n<ul data-path-to-node=\"5\">\n<li>\n<p data-path-to-node=\"5,0,0\"><b data-path-to-node=\"5,0,0\" data-index-in-node=\"0\">Corte Atl\u00e9tico:<\/b> Ajuste aerodin\u00e1mico (Slim Fit) para minimizar la resistencia y mejorar el movimiento.<\/p>\n<\/li>\n<li>\n<p data-path-to-node=\"5,1,0\"><b data-path-to-node=\"5,1,0\" data-index-in-node=\"0\">Tejido Transpirable:<\/b> Paneles de malla estrat\u00e9gicos que garantizan una ventilaci\u00f3n m\u00e1xima durante los 90 minutos.<\/p>\n<\/li>\n<li>\n<p data-path-to-node=\"5,2,0\"><b data-path-to-node=\"5,2,0\" data-index-in-node=\"0\">Detalles Premium:<\/b> Escudo y logos termosellados en goma de alta densidad para evitar rozaduras y reducir el peso de la prenda.<\/p>\n<\/li>\n<li>\n<p data-path-to-node=\"5,3,0\"><b data-path-to-node=\"5,3,0\" data-index-in-node=\"0\">Identidad:<\/b> Las ic\u00f3nicas franjas verdes y blancas que representan la gloria del equipo m\u00e1s laureado de Colombia.<\/p>\n<\/li>\n<\/ul>\n","protected":false},"featured_media":1698,"comment_status":"open","ping_status":"closed","template":"","meta":[],"etheme_brands":[],"product_brand":[],"product_cat":[41],"product_tag":[],"class_list":{"0":"post-1697","1":"product","2":"type-product","3":"status-publish","4":"has-post-thumbnail","6":"product_cat-playera-version-jugador","8":"first","9":"instock","10":"shipping-taxable","11":"purchasable","12":"product-type-variable"},"yoast_head":"<!-- This site is optimized with the Yoast SEO Premium plugin v23.4 (Yoast SEO v23.4) - https:\/\/yoast.com\/wordpress\/plugins\/seo\/ -->\n<title>Playera Atl\u00e9tico Nacional de Colombia 2024 - PowerMode<\/title>\n<meta name=\"robots\" content=\"index, follow, max-snippet:-1, max-image-preview:large, max-video-preview:-1\" \/>\n<link rel=\"canonical\" href=\"https:\/\/powermode.bcardmexico.com\/?product=playera-version-jugador-atletico-nacional-de-colombia\" \/>\n<meta property=\"og:locale\" content=\"es_MX\" \/>\n<meta property=\"og:type\" content=\"article\" \/>\n<meta property=\"og:title\" content=\"Playera Atl\u00e9tico Nacional de Colombia 2024\" \/>\n<meta property=\"og:description\" content=\"Jersey Atl\u00e9tico Nacional - Versi\u00f3n Jugador 2026 Descripci\u00f3n: Lleva el rendimiento del &quot;Rey de Copas&quot; al siguiente nivel. Esta versi\u00f3n de jugador del Atl\u00e9tico Nacional est\u00e1 dise\u00f1ada con tecnolog\u00eda de alto rendimiento, exactamente igual a la que utilizan los profesionales en el Atanasio Girardot.     Corte Atl\u00e9tico: Ajuste aerodin\u00e1mico (Slim Fit) para minimizar la resistencia y mejorar el movimiento.    Tejido Transpirable: Paneles de malla estrat\u00e9gicos que garantizan una ventilaci\u00f3n m\u00e1xima durante los 90 minutos.    Detalles Premium: Escudo y logos termosellados en goma de alta densidad para evitar rozaduras y reducir el peso de la prenda.    Identidad: Las ic\u00f3nicas franjas verdes y blancas que representan la gloria del equipo m\u00e1s laureado de Colombia.\" \/>\n<meta property=\"og:url\" content=\"https:\/\/powermode.bcardmexico.com\/?product=playera-version-jugador-atletico-nacional-de-colombia\" \/>\n<meta property=\"og:site_name\" content=\"PowerMode\" \/>\n<meta property=\"article:modified_time\" content=\"2026-05-12T20:47:51+00:00\" \/>\n<meta property=\"og:image\" content=\"https:\/\/powermode.bcardmexico.com\/wp-content\/uploads\/2026\/05\/12234107-scaled.jpeg\" \/>\n\t<meta property=\"og:image:width\" content=\"1920\" \/>\n\t<meta property=\"og:image:height\" content=\"2560\" \/>\n\t<meta property=\"og:image:type\" content=\"image\/jpeg\" \/>\n<meta name=\"twitter:card\" content=\"summary_large_image\" \/>\n<meta name=\"twitter:label1\" content=\"Tiempo de lectura\" \/>\n\t<meta name=\"twitter:data1\" content=\"1 minuto\" \/>\n<script type=\"application\/ld+json\" class=\"yoast-schema-graph\">{\"@context\":\"https:\/\/schema.org\",\"@graph\":[{\"@type\":\"WebPage\",\"@id\":\"https:\/\/powermode.bcardmexico.com\/?product=playera-version-jugador-atletico-nacional-de-colombia\",\"url\":\"https:\/\/powermode.bcardmexico.com\/?product=playera-version-jugador-atletico-nacional-de-colombia\",\"name\":\"Playera Atl\u00e9tico Nacional de Colombia 2024 - PowerMode\",\"isPartOf\":{\"@id\":\"https:\/\/powermode.bcardmexico.com\/#website\"},\"primaryImageOfPage\":{\"@id\":\"https:\/\/powermode.bcardmexico.com\/?product=playera-version-jugador-atletico-nacional-de-colombia#primaryimage\"},\"image\":{\"@id\":\"https:\/\/powermode.bcardmexico.com\/?product=playera-version-jugador-atletico-nacional-de-colombia#primaryimage\"},\"thumbnailUrl\":\"https:\/\/powermode.bcardmexico.com\/wp-content\/uploads\/2026\/05\/12234107-scaled.jpeg\",\"datePublished\":\"2026-05-12T00:14:24+00:00\",\"dateModified\":\"2026-05-12T20:47:51+00:00\",\"breadcrumb\":{\"@id\":\"https:\/\/powermode.bcardmexico.com\/?product=playera-version-jugador-atletico-nacional-de-colombia#breadcrumb\"},\"inLanguage\":\"es\",\"potentialAction\":[{\"@type\":\"ReadAction\",\"target\":[\"https:\/\/powermode.bcardmexico.com\/?product=playera-version-jugador-atletico-nacional-de-colombia\"]}]},{\"@type\":\"ImageObject\",\"inLanguage\":\"es\",\"@id\":\"https:\/\/powermode.bcardmexico.com\/?product=playera-version-jugador-atletico-nacional-de-colombia#primaryimage\",\"url\":\"https:\/\/powermode.bcardmexico.com\/wp-content\/uploads\/2026\/05\/12234107-scaled.jpeg\",\"contentUrl\":\"https:\/\/powermode.bcardmexico.com\/wp-content\/uploads\/2026\/05\/12234107-scaled.jpeg\",\"width\":1920,\"height\":2560},{\"@type\":\"BreadcrumbList\",\"@id\":\"https:\/\/powermode.bcardmexico.com\/?product=playera-version-jugador-atletico-nacional-de-colombia#breadcrumb\",\"itemListElement\":[{\"@type\":\"ListItem\",\"position\":1,\"name\":\"Inicio\",\"item\":\"https:\/\/powermode.bcardmexico.com\/\"},{\"@type\":\"ListItem\",\"position\":2,\"name\":\"Shop\",\"item\":\"https:\/\/powermode.bcardmexico.com\/?page_id=6\"},{\"@type\":\"ListItem\",\"position\":3,\"name\":\"Playera Atl\u00e9tico Nacional de Colombia 2024\"}]},{\"@type\":\"WebSite\",\"@id\":\"https:\/\/powermode.bcardmexico.com\/#website\",\"url\":\"https:\/\/powermode.bcardmexico.com\/\",\"name\":\"Power Mode\",\"description\":\"\",\"publisher\":{\"@id\":\"https:\/\/powermode.bcardmexico.com\/#organization\"},\"potentialAction\":[{\"@type\":\"SearchAction\",\"target\":{\"@type\":\"EntryPoint\",\"urlTemplate\":\"https:\/\/powermode.bcardmexico.com\/?s={search_term_string}\"},\"query-input\":{\"@type\":\"PropertyValueSpecification\",\"valueRequired\":true,\"valueName\":\"search_term_string\"}}],\"inLanguage\":\"es\"},{\"@type\":\"Organization\",\"@id\":\"https:\/\/powermode.bcardmexico.com\/#organization\",\"name\":\"Power Mode\",\"url\":\"https:\/\/powermode.bcardmexico.com\/\",\"logo\":{\"@type\":\"ImageObject\",\"inLanguage\":\"es\",\"@id\":\"https:\/\/powermode.bcardmexico.com\/#\/schema\/logo\/image\/\",\"url\":\"https:\/\/powermode.bcardmexico.com\/wp-content\/uploads\/2021\/08\/Logo.png\",\"contentUrl\":\"https:\/\/powermode.bcardmexico.com\/wp-content\/uploads\/2021\/08\/Logo.png\",\"width\":231,\"height\":49,\"caption\":\"Power Mode\"},\"image\":{\"@id\":\"https:\/\/powermode.bcardmexico.com\/#\/schema\/logo\/image\/\"}}]}<\/script>\n<!-- \/ Yoast SEO Premium plugin. -->","yoast_head_json":{"title":"Playera Atl\u00e9tico Nacional de Colombia 2024 - PowerMode","robots":{"index":"index","follow":"follow","max-snippet":"max-snippet:-1","max-image-preview":"max-image-preview:large","max-video-preview":"max-video-preview:-1"},"canonical":"https:\/\/powermode.bcardmexico.com\/?product=playera-version-jugador-atletico-nacional-de-colombia","og_locale":"es_MX","og_type":"article","og_title":"Playera Atl\u00e9tico Nacional de Colombia 2024","og_description":"Jersey Atl\u00e9tico Nacional - Versi\u00f3n Jugador 2026 Descripci\u00f3n: Lleva el rendimiento del \"Rey de Copas\" al siguiente nivel. Esta versi\u00f3n de jugador del Atl\u00e9tico Nacional est\u00e1 dise\u00f1ada con tecnolog\u00eda de alto rendimiento, exactamente igual a la que utilizan los profesionales en el Atanasio Girardot.     Corte Atl\u00e9tico: Ajuste aerodin\u00e1mico (Slim Fit) para minimizar la resistencia y mejorar el movimiento.    Tejido Transpirable: Paneles de malla estrat\u00e9gicos que garantizan una ventilaci\u00f3n m\u00e1xima durante los 90 minutos.    Detalles Premium: Escudo y logos termosellados en goma de alta densidad para evitar rozaduras y reducir el peso de la prenda.    Identidad: Las ic\u00f3nicas franjas verdes y blancas que representan la gloria del equipo m\u00e1s laureado de Colombia.","og_url":"https:\/\/powermode.bcardmexico.com\/?product=playera-version-jugador-atletico-nacional-de-colombia","og_site_name":"PowerMode","article_modified_time":"2026-05-12T20:47:51+00:00","og_image":[{"width":1920,"height":2560,"url":"https:\/\/powermode.bcardmexico.com\/wp-content\/uploads\/2026\/05\/12234107-scaled.jpeg","type":"image\/jpeg"}],"twitter_card":"summary_large_image","twitter_misc":{"Tiempo de lectura":"1 minuto"},"schema":{"@context":"https:\/\/schema.org","@graph":[{"@type":"WebPage","@id":"https:\/\/powermode.bcardmexico.com\/?product=playera-version-jugador-atletico-nacional-de-colombia","url":"https:\/\/powermode.bcardmexico.com\/?product=playera-version-jugador-atletico-nacional-de-colombia","name":"Playera Atl\u00e9tico Nacional de Colombia 2024 - PowerMode","isPartOf":{"@id":"https:\/\/powermode.bcardmexico.com\/#website"},"primaryImageOfPage":{"@id":"https:\/\/powermode.bcardmexico.com\/?product=playera-version-jugador-atletico-nacional-de-colombia#primaryimage"},"image":{"@id":"https:\/\/powermode.bcardmexico.com\/?product=playera-version-jugador-atletico-nacional-de-colombia#primaryimage"},"thumbnailUrl":"https:\/\/powermode.bcardmexico.com\/wp-content\/uploads\/2026\/05\/12234107-scaled.jpeg","datePublished":"2026-05-12T00:14:24+00:00","dateModified":"2026-05-12T20:47:51+00:00","breadcrumb":{"@id":"https:\/\/powermode.bcardmexico.com\/?product=playera-version-jugador-atletico-nacional-de-colombia#breadcrumb"},"inLanguage":"es","potentialAction":[{"@type":"ReadAction","target":["https:\/\/powermode.bcardmexico.com\/?product=playera-version-jugador-atletico-nacional-de-colombia"]}]},{"@type":"ImageObject","inLanguage":"es","@id":"https:\/\/powermode.bcardmexico.com\/?product=playera-version-jugador-atletico-nacional-de-colombia#primaryimage","url":"https:\/\/powermode.bcardmexico.com\/wp-content\/uploads\/2026\/05\/12234107-scaled.jpeg","contentUrl":"https:\/\/powermode.bcardmexico.com\/wp-content\/uploads\/2026\/05\/12234107-scaled.jpeg","width":1920,"height":2560},{"@type":"BreadcrumbList","@id":"https:\/\/powermode.bcardmexico.com\/?product=playera-version-jugador-atletico-nacional-de-colombia#breadcrumb","itemListElement":[{"@type":"ListItem","position":1,"name":"Inicio","item":"https:\/\/powermode.bcardmexico.com\/"},{"@type":"ListItem","position":2,"name":"Shop","item":"https:\/\/powermode.bcardmexico.com\/?page_id=6"},{"@type":"ListItem","position":3,"name":"Playera Atl\u00e9tico Nacional de Colombia 2024"}]},{"@type":"WebSite","@id":"https:\/\/powermode.bcardmexico.com\/#website","url":"https:\/\/powermode.bcardmexico.com\/","name":"Power Mode","description":"","publisher":{"@id":"https:\/\/powermode.bcardmexico.com\/#organization"},"potentialAction":[{"@type":"SearchAction","target":{"@type":"EntryPoint","urlTemplate":"https:\/\/powermode.bcardmexico.com\/?s={search_term_string}"},"query-input":{"@type":"PropertyValueSpecification","valueRequired":true,"valueName":"search_term_string"}}],"inLanguage":"es"},{"@type":"Organization","@id":"https:\/\/powermode.bcardmexico.com\/#organization","name":"Power Mode","url":"https:\/\/powermode.bcardmexico.com\/","logo":{"@type":"ImageObject","inLanguage":"es","@id":"https:\/\/powermode.bcardmexico.com\/#\/schema\/logo\/image\/","url":"https:\/\/powermode.bcardmexico.com\/wp-content\/uploads\/2021\/08\/Logo.png","contentUrl":"https:\/\/powermode.bcardmexico.com\/wp-content\/uploads\/2021\/08\/Logo.png","width":231,"height":49,"caption":"Power Mode"},"image":{"@id":"https:\/\/powermode.bcardmexico.com\/#\/schema\/logo\/image\/"}}]}},"_links":{"self":[{"href":"https:\/\/powermode.bcardmexico.com\/index.php?rest_route=\/wp\/v2\/product\/1697","targetHints":{"allow":["GET"]}}],"collection":[{"href":"https:\/\/powermode.bcardmexico.com\/index.php?rest_route=\/wp\/v2\/product"}],"about":[{"href":"https:\/\/powermode.bcardmexico.com\/index.php?rest_route=\/wp\/v2\/types\/product"}],"replies":[{"embeddable":true,"href":"https:\/\/powermode.bcardmexico.com\/index.php?rest_route=%2Fwp%2Fv2%2Fcomments&post=1697"}],"version-history":[{"count":5,"href":"https:\/\/powermode.bcardmexico.com\/index.php?rest_route=\/wp\/v2\/product\/1697\/revisions"}],"predecessor-version":[{"id":1753,"href":"https:\/\/powermode.bcardmexico.com\/index.php?rest_route=\/wp\/v2\/product\/1697\/revisions\/1753"}],"wp:featuredmedia":[{"embeddable":true,"href":"https:\/\/powermode.bcardmexico.com\/index.php?rest_route=\/wp\/v2\/media\/1698"}],"wp:attachment":[{"href":"https:\/\/powermode.bcardmexico.com\/index.php?rest_route=%2Fwp%2Fv2%2Fmedia&parent=1697"}],"wp:term":[{"taxonomy":"brand","embeddable":true,"href":"https:\/\/powermode.bcardmexico.com\/index.php?rest_route=%2Fwp%2Fv2%2Fetheme_brands&post=1697"},{"taxonomy":"product_brand","embeddable":true,"href":"https:\/\/powermode.bcardmexico.com\/index.php?rest_route=%2Fwp%2Fv2%2Fproduct_brand&post=1697"},{"taxonomy":"product_cat","embeddable":true,"href":"https:\/\/powermode.bcardmexico.com\/index.php?rest_route=%2Fwp%2Fv2%2Fproduct_cat&post=1697"},{"taxonomy":"product_tag","embeddable":true,"href":"https:\/\/powermode.bcardmexico.com\/index.php?rest_route=%2Fwp%2Fv2%2Fproduct_tag&post=1697"}],"curies":[{"name":"wp","href":"https:\/\/api.w.org\/{rel}","templated":true}]}}