{"id":1770,"date":"2026-05-12T21:11:16","date_gmt":"2026-05-12T21:11:16","guid":{"rendered":"https:\/\/powermode.bcardmexico.com\/?post_type=product&#038;p=1770"},"modified":"2026-05-12T21:11:17","modified_gmt":"2026-05-12T21:11:17","slug":"playera-club-atletico-river-plate-argentina-24-25","status":"publish","type":"product","link":"https:\/\/powermode.bcardmexico.com\/?product=playera-club-atletico-river-plate-argentina-24-25","title":{"rendered":"Playera Club Atl\u00e9tico River Plate Argentina  24\/25"},"content":{"rendered":"<p><img loading=\"lazy\" loading=\"lazy\" decoding=\"async\" class=\"alignnone size-medium wp-image-1695\" src=\"https:\/\/powermode.bcardmexico.com\/wp-content\/uploads\/2026\/05\/WhatsApp-Image-2026-05-11-at-17.29.48-1-300x74.jpeg\" alt=\"\" width=\"300\" height=\"74\" srcset=\"https:\/\/powermode.bcardmexico.com\/wp-content\/uploads\/2026\/05\/WhatsApp-Image-2026-05-11-at-17.29.48-1-300x74.jpeg 300w, https:\/\/powermode.bcardmexico.com\/wp-content\/uploads\/2026\/05\/WhatsApp-Image-2026-05-11-at-17.29.48-1-600x149.jpeg 600w, https:\/\/powermode.bcardmexico.com\/wp-content\/uploads\/2026\/05\/WhatsApp-Image-2026-05-11-at-17.29.48-1-1x1.jpeg 1w, https:\/\/powermode.bcardmexico.com\/wp-content\/uploads\/2026\/05\/WhatsApp-Image-2026-05-11-at-17.29.48-1-10x2.jpeg 10w, https:\/\/powermode.bcardmexico.com\/wp-content\/uploads\/2026\/05\/WhatsApp-Image-2026-05-11-at-17.29.48-1.jpeg 678w\" sizes=\"auto, (max-width: 300px) 100vw, 300px\" \/><\/p>\n<p>&nbsp;<\/p>\n<p>TODOS NUESTROS PRECIOS INCLUYEN\u00a0 ENVIO DIRECTO\u00a0 A DOMICILIO !!!<\/p>\n","protected":false},"excerpt":{"rendered":"<h2 data-path-to-node=\"3\"><b data-path-to-node=\"3\" data-index-in-node=\"0\">Jersey River Plate 2024\/25 &#8211; Versi\u00f3n Player (Aut\u00e9ntica)<\/b><\/h2>\n<p data-path-to-node=\"4\">Lleva la pasi\u00f3n del &#8220;Millonario&#8221; al siguiente nivel con la indumentaria t\u00e9cnica oficial. Esta versi\u00f3n <b data-path-to-node=\"4\" data-index-in-node=\"102\">Player<\/b> est\u00e1 dise\u00f1ada espec\u00edficamente para el alto rendimiento, ofreciendo las mismas especificaciones que utilizan los jugadores profesionales en el Estadio Monumental.<\/p>\n<h3 data-path-to-node=\"5\"><b data-path-to-node=\"5\" data-index-in-node=\"0\">Caracter\u00edsticas Principales:<\/b><\/h3>\n<ul data-path-to-node=\"6\">\n<li>\n<p data-path-to-node=\"6,0,0\"><b data-path-to-node=\"6,0,0\" data-index-in-node=\"0\">Tecnolog\u00eda de Ventilaci\u00f3n:<\/b> Tejido de alto rendimiento con microperforaciones que maximizan el flujo de aire y mantienen el cuerpo fresco incluso en momentos de m\u00e1xima intensidad.<\/p>\n<\/li>\n<li>\n<p data-path-to-node=\"6,1,0\"><b data-path-to-node=\"6,1,0\" data-index-in-node=\"0\">Corte Atl\u00e9tico:<\/b> Ajuste aerodin\u00e1mico &#8220;Slim Fit&#8221; que reduce el roce y se adapta perfectamente al contorno del cuerpo del deportista.<\/p>\n<\/li>\n<li>\n<p data-path-to-node=\"6,2,0\"><b data-path-to-node=\"6,2,0\" data-index-in-node=\"0\">Detalles Premium:<\/b> Escudo y logos termo-transferidos en material ultraligero para evitar distracciones y reducir el peso total de la prenda.<\/p>\n<\/li>\n<li>\n<p data-path-to-node=\"6,3,0\"><b data-path-to-node=\"6,3,0\" data-index-in-node=\"0\">Dise\u00f1o Ic\u00f3nico:<\/b> La cl\u00e1sica banda roja cruzada se presenta con un acabado impecable, incluyendo al patrocinador actual <b data-path-to-node=\"6,3,0\" data-index-in-node=\"118\">Betano<\/b> y la calidad garantizada de <b data-path-to-node=\"6,3,0\" data-index-in-node=\"153\">adidas<\/b>.<\/p>\n<\/li>\n<\/ul>\n<h3 data-path-to-node=\"7\"><b data-path-to-node=\"7\" data-index-in-node=\"0\">Especificaciones del Producto:<\/b><\/h3>\n<ul data-path-to-node=\"8\">\n<li>\n<p data-path-to-node=\"8,0,0\"><b data-path-to-node=\"8,0,0\" data-index-in-node=\"0\">Material:<\/b> 100% poli\u00e9ster reciclado de alta densidad.<\/p>\n<\/li>\n<li>\n<p data-path-to-node=\"8,1,0\"><b data-path-to-node=\"8,1,0\" data-index-in-node=\"0\">Edici\u00f3n:<\/b> Versi\u00f3n de Juego (Authentic).<\/p>\n<\/li>\n<li>\n<p data-path-to-node=\"8,2,0\"><b data-path-to-node=\"8,2,0\" data-index-in-node=\"0\">Uso:<\/b> Ideal para competencia, entrenamiento de alto nivel o para el coleccionista que busca la m\u00e1xima fidelidad.<\/p>\n<\/li>\n<\/ul>\n","protected":false},"featured_media":1771,"comment_status":"open","ping_status":"closed","template":"","meta":[],"etheme_brands":[],"product_brand":[],"product_cat":[41],"product_tag":[],"class_list":{"0":"post-1770","1":"product","2":"type-product","3":"status-publish","4":"has-post-thumbnail","6":"product_cat-playera-version-jugador","8":"first","9":"instock","10":"shipping-taxable","11":"purchasable","12":"product-type-variable"},"yoast_head":"<!-- This site is optimized with the Yoast SEO Premium plugin v23.4 (Yoast SEO v23.4) - https:\/\/yoast.com\/wordpress\/plugins\/seo\/ -->\n<title>Playera Club Atl\u00e9tico River Plate Argentina 24\/25 - PowerMode<\/title>\n<meta name=\"robots\" content=\"index, follow, max-snippet:-1, max-image-preview:large, max-video-preview:-1\" \/>\n<link rel=\"canonical\" href=\"https:\/\/powermode.bcardmexico.com\/?product=playera-club-atletico-river-plate-argentina-24-25\" \/>\n<meta property=\"og:locale\" content=\"es_MX\" \/>\n<meta property=\"og:type\" content=\"article\" \/>\n<meta property=\"og:title\" content=\"Playera Club Atl\u00e9tico River Plate Argentina 24\/25\" \/>\n<meta property=\"og:description\" content=\"Jersey River Plate 2024\/25 - Versi\u00f3n Player (Aut\u00e9ntica) Lleva la pasi\u00f3n del &quot;Millonario&quot; al siguiente nivel con la indumentaria t\u00e9cnica oficial. Esta versi\u00f3n Player est\u00e1 dise\u00f1ada espec\u00edficamente para el alto rendimiento, ofreciendo las mismas especificaciones que utilizan los jugadores profesionales en el Estadio Monumental.  Caracter\u00edsticas Principales:    Tecnolog\u00eda de Ventilaci\u00f3n: Tejido de alto rendimiento con microperforaciones que maximizan el flujo de aire y mantienen el cuerpo fresco incluso en momentos de m\u00e1xima intensidad.    Corte Atl\u00e9tico: Ajuste aerodin\u00e1mico &quot;Slim Fit&quot; que reduce el roce y se adapta perfectamente al contorno del cuerpo del deportista.    Detalles Premium: Escudo y logos termo-transferidos en material ultraligero para evitar distracciones y reducir el peso total de la prenda.    Dise\u00f1o Ic\u00f3nico: La cl\u00e1sica banda roja cruzada se presenta con un acabado impecable, incluyendo al patrocinador actual Betano y la calidad garantizada de adidas.   Especificaciones del Producto:    Material: 100% poli\u00e9ster reciclado de alta densidad.    Edici\u00f3n: Versi\u00f3n de Juego (Authentic).    Uso: Ideal para competencia, entrenamiento de alto nivel o para el coleccionista que busca la m\u00e1xima fidelidad.\" \/>\n<meta property=\"og:url\" content=\"https:\/\/powermode.bcardmexico.com\/?product=playera-club-atletico-river-plate-argentina-24-25\" \/>\n<meta property=\"og:site_name\" content=\"PowerMode\" \/>\n<meta property=\"article:modified_time\" content=\"2026-05-12T21:11:17+00:00\" \/>\n<meta property=\"og:image\" content=\"https:\/\/powermode.bcardmexico.com\/wp-content\/uploads\/2026\/05\/8d53854b-scaled.jpeg\" \/>\n\t<meta property=\"og:image:width\" content=\"1920\" \/>\n\t<meta property=\"og:image:height\" content=\"2560\" \/>\n\t<meta property=\"og:image:type\" content=\"image\/jpeg\" \/>\n<meta name=\"twitter:card\" content=\"summary_large_image\" \/>\n<meta name=\"twitter:label1\" content=\"Tiempo de lectura\" \/>\n\t<meta name=\"twitter:data1\" content=\"1 minuto\" \/>\n<script type=\"application\/ld+json\" class=\"yoast-schema-graph\">{\"@context\":\"https:\/\/schema.org\",\"@graph\":[{\"@type\":\"WebPage\",\"@id\":\"https:\/\/powermode.bcardmexico.com\/?product=playera-club-atletico-river-plate-argentina-24-25\",\"url\":\"https:\/\/powermode.bcardmexico.com\/?product=playera-club-atletico-river-plate-argentina-24-25\",\"name\":\"Playera Club Atl\u00e9tico River Plate Argentina 24\/25 - PowerMode\",\"isPartOf\":{\"@id\":\"https:\/\/powermode.bcardmexico.com\/#website\"},\"primaryImageOfPage\":{\"@id\":\"https:\/\/powermode.bcardmexico.com\/?product=playera-club-atletico-river-plate-argentina-24-25#primaryimage\"},\"image\":{\"@id\":\"https:\/\/powermode.bcardmexico.com\/?product=playera-club-atletico-river-plate-argentina-24-25#primaryimage\"},\"thumbnailUrl\":\"https:\/\/powermode.bcardmexico.com\/wp-content\/uploads\/2026\/05\/8d53854b-scaled.jpeg\",\"datePublished\":\"2026-05-12T21:11:16+00:00\",\"dateModified\":\"2026-05-12T21:11:17+00:00\",\"breadcrumb\":{\"@id\":\"https:\/\/powermode.bcardmexico.com\/?product=playera-club-atletico-river-plate-argentina-24-25#breadcrumb\"},\"inLanguage\":\"es\",\"potentialAction\":[{\"@type\":\"ReadAction\",\"target\":[\"https:\/\/powermode.bcardmexico.com\/?product=playera-club-atletico-river-plate-argentina-24-25\"]}]},{\"@type\":\"ImageObject\",\"inLanguage\":\"es\",\"@id\":\"https:\/\/powermode.bcardmexico.com\/?product=playera-club-atletico-river-plate-argentina-24-25#primaryimage\",\"url\":\"https:\/\/powermode.bcardmexico.com\/wp-content\/uploads\/2026\/05\/8d53854b-scaled.jpeg\",\"contentUrl\":\"https:\/\/powermode.bcardmexico.com\/wp-content\/uploads\/2026\/05\/8d53854b-scaled.jpeg\",\"width\":1920,\"height\":2560},{\"@type\":\"BreadcrumbList\",\"@id\":\"https:\/\/powermode.bcardmexico.com\/?product=playera-club-atletico-river-plate-argentina-24-25#breadcrumb\",\"itemListElement\":[{\"@type\":\"ListItem\",\"position\":1,\"name\":\"Inicio\",\"item\":\"https:\/\/powermode.bcardmexico.com\/\"},{\"@type\":\"ListItem\",\"position\":2,\"name\":\"Shop\",\"item\":\"https:\/\/powermode.bcardmexico.com\/?page_id=6\"},{\"@type\":\"ListItem\",\"position\":3,\"name\":\"Playera Club Atl\u00e9tico River Plate Argentina 24\/25\"}]},{\"@type\":\"WebSite\",\"@id\":\"https:\/\/powermode.bcardmexico.com\/#website\",\"url\":\"https:\/\/powermode.bcardmexico.com\/\",\"name\":\"Power Mode\",\"description\":\"\",\"publisher\":{\"@id\":\"https:\/\/powermode.bcardmexico.com\/#organization\"},\"potentialAction\":[{\"@type\":\"SearchAction\",\"target\":{\"@type\":\"EntryPoint\",\"urlTemplate\":\"https:\/\/powermode.bcardmexico.com\/?s={search_term_string}\"},\"query-input\":{\"@type\":\"PropertyValueSpecification\",\"valueRequired\":true,\"valueName\":\"search_term_string\"}}],\"inLanguage\":\"es\"},{\"@type\":\"Organization\",\"@id\":\"https:\/\/powermode.bcardmexico.com\/#organization\",\"name\":\"Power Mode\",\"url\":\"https:\/\/powermode.bcardmexico.com\/\",\"logo\":{\"@type\":\"ImageObject\",\"inLanguage\":\"es\",\"@id\":\"https:\/\/powermode.bcardmexico.com\/#\/schema\/logo\/image\/\",\"url\":\"https:\/\/powermode.bcardmexico.com\/wp-content\/uploads\/2021\/08\/Logo.png\",\"contentUrl\":\"https:\/\/powermode.bcardmexico.com\/wp-content\/uploads\/2021\/08\/Logo.png\",\"width\":231,\"height\":49,\"caption\":\"Power Mode\"},\"image\":{\"@id\":\"https:\/\/powermode.bcardmexico.com\/#\/schema\/logo\/image\/\"}}]}<\/script>\n<!-- \/ Yoast SEO Premium plugin. -->","yoast_head_json":{"title":"Playera Club Atl\u00e9tico River Plate Argentina 24\/25 - PowerMode","robots":{"index":"index","follow":"follow","max-snippet":"max-snippet:-1","max-image-preview":"max-image-preview:large","max-video-preview":"max-video-preview:-1"},"canonical":"https:\/\/powermode.bcardmexico.com\/?product=playera-club-atletico-river-plate-argentina-24-25","og_locale":"es_MX","og_type":"article","og_title":"Playera Club Atl\u00e9tico River Plate Argentina 24\/25","og_description":"Jersey River Plate 2024\/25 - Versi\u00f3n Player (Aut\u00e9ntica) Lleva la pasi\u00f3n del \"Millonario\" al siguiente nivel con la indumentaria t\u00e9cnica oficial. Esta versi\u00f3n Player est\u00e1 dise\u00f1ada espec\u00edficamente para el alto rendimiento, ofreciendo las mismas especificaciones que utilizan los jugadores profesionales en el Estadio Monumental.  Caracter\u00edsticas Principales:    Tecnolog\u00eda de Ventilaci\u00f3n: Tejido de alto rendimiento con microperforaciones que maximizan el flujo de aire y mantienen el cuerpo fresco incluso en momentos de m\u00e1xima intensidad.    Corte Atl\u00e9tico: Ajuste aerodin\u00e1mico \"Slim Fit\" que reduce el roce y se adapta perfectamente al contorno del cuerpo del deportista.    Detalles Premium: Escudo y logos termo-transferidos en material ultraligero para evitar distracciones y reducir el peso total de la prenda.    Dise\u00f1o Ic\u00f3nico: La cl\u00e1sica banda roja cruzada se presenta con un acabado impecable, incluyendo al patrocinador actual Betano y la calidad garantizada de adidas.   Especificaciones del Producto:    Material: 100% poli\u00e9ster reciclado de alta densidad.    Edici\u00f3n: Versi\u00f3n de Juego (Authentic).    Uso: Ideal para competencia, entrenamiento de alto nivel o para el coleccionista que busca la m\u00e1xima fidelidad.","og_url":"https:\/\/powermode.bcardmexico.com\/?product=playera-club-atletico-river-plate-argentina-24-25","og_site_name":"PowerMode","article_modified_time":"2026-05-12T21:11:17+00:00","og_image":[{"width":1920,"height":2560,"url":"https:\/\/powermode.bcardmexico.com\/wp-content\/uploads\/2026\/05\/8d53854b-scaled.jpeg","type":"image\/jpeg"}],"twitter_card":"summary_large_image","twitter_misc":{"Tiempo de lectura":"1 minuto"},"schema":{"@context":"https:\/\/schema.org","@graph":[{"@type":"WebPage","@id":"https:\/\/powermode.bcardmexico.com\/?product=playera-club-atletico-river-plate-argentina-24-25","url":"https:\/\/powermode.bcardmexico.com\/?product=playera-club-atletico-river-plate-argentina-24-25","name":"Playera Club Atl\u00e9tico River Plate Argentina 24\/25 - PowerMode","isPartOf":{"@id":"https:\/\/powermode.bcardmexico.com\/#website"},"primaryImageOfPage":{"@id":"https:\/\/powermode.bcardmexico.com\/?product=playera-club-atletico-river-plate-argentina-24-25#primaryimage"},"image":{"@id":"https:\/\/powermode.bcardmexico.com\/?product=playera-club-atletico-river-plate-argentina-24-25#primaryimage"},"thumbnailUrl":"https:\/\/powermode.bcardmexico.com\/wp-content\/uploads\/2026\/05\/8d53854b-scaled.jpeg","datePublished":"2026-05-12T21:11:16+00:00","dateModified":"2026-05-12T21:11:17+00:00","breadcrumb":{"@id":"https:\/\/powermode.bcardmexico.com\/?product=playera-club-atletico-river-plate-argentina-24-25#breadcrumb"},"inLanguage":"es","potentialAction":[{"@type":"ReadAction","target":["https:\/\/powermode.bcardmexico.com\/?product=playera-club-atletico-river-plate-argentina-24-25"]}]},{"@type":"ImageObject","inLanguage":"es","@id":"https:\/\/powermode.bcardmexico.com\/?product=playera-club-atletico-river-plate-argentina-24-25#primaryimage","url":"https:\/\/powermode.bcardmexico.com\/wp-content\/uploads\/2026\/05\/8d53854b-scaled.jpeg","contentUrl":"https:\/\/powermode.bcardmexico.com\/wp-content\/uploads\/2026\/05\/8d53854b-scaled.jpeg","width":1920,"height":2560},{"@type":"BreadcrumbList","@id":"https:\/\/powermode.bcardmexico.com\/?product=playera-club-atletico-river-plate-argentina-24-25#breadcrumb","itemListElement":[{"@type":"ListItem","position":1,"name":"Inicio","item":"https:\/\/powermode.bcardmexico.com\/"},{"@type":"ListItem","position":2,"name":"Shop","item":"https:\/\/powermode.bcardmexico.com\/?page_id=6"},{"@type":"ListItem","position":3,"name":"Playera Club Atl\u00e9tico River Plate Argentina 24\/25"}]},{"@type":"WebSite","@id":"https:\/\/powermode.bcardmexico.com\/#website","url":"https:\/\/powermode.bcardmexico.com\/","name":"Power Mode","description":"","publisher":{"@id":"https:\/\/powermode.bcardmexico.com\/#organization"},"potentialAction":[{"@type":"SearchAction","target":{"@type":"EntryPoint","urlTemplate":"https:\/\/powermode.bcardmexico.com\/?s={search_term_string}"},"query-input":{"@type":"PropertyValueSpecification","valueRequired":true,"valueName":"search_term_string"}}],"inLanguage":"es"},{"@type":"Organization","@id":"https:\/\/powermode.bcardmexico.com\/#organization","name":"Power Mode","url":"https:\/\/powermode.bcardmexico.com\/","logo":{"@type":"ImageObject","inLanguage":"es","@id":"https:\/\/powermode.bcardmexico.com\/#\/schema\/logo\/image\/","url":"https:\/\/powermode.bcardmexico.com\/wp-content\/uploads\/2021\/08\/Logo.png","contentUrl":"https:\/\/powermode.bcardmexico.com\/wp-content\/uploads\/2021\/08\/Logo.png","width":231,"height":49,"caption":"Power Mode"},"image":{"@id":"https:\/\/powermode.bcardmexico.com\/#\/schema\/logo\/image\/"}}]}},"_links":{"self":[{"href":"https:\/\/powermode.bcardmexico.com\/index.php?rest_route=\/wp\/v2\/product\/1770","targetHints":{"allow":["GET"]}}],"collection":[{"href":"https:\/\/powermode.bcardmexico.com\/index.php?rest_route=\/wp\/v2\/product"}],"about":[{"href":"https:\/\/powermode.bcardmexico.com\/index.php?rest_route=\/wp\/v2\/types\/product"}],"replies":[{"embeddable":true,"href":"https:\/\/powermode.bcardmexico.com\/index.php?rest_route=%2Fwp%2Fv2%2Fcomments&post=1770"}],"version-history":[{"count":1,"href":"https:\/\/powermode.bcardmexico.com\/index.php?rest_route=\/wp\/v2\/product\/1770\/revisions"}],"predecessor-version":[{"id":1784,"href":"https:\/\/powermode.bcardmexico.com\/index.php?rest_route=\/wp\/v2\/product\/1770\/revisions\/1784"}],"wp:featuredmedia":[{"embeddable":true,"href":"https:\/\/powermode.bcardmexico.com\/index.php?rest_route=\/wp\/v2\/media\/1771"}],"wp:attachment":[{"href":"https:\/\/powermode.bcardmexico.com\/index.php?rest_route=%2Fwp%2Fv2%2Fmedia&parent=1770"}],"wp:term":[{"taxonomy":"brand","embeddable":true,"href":"https:\/\/powermode.bcardmexico.com\/index.php?rest_route=%2Fwp%2Fv2%2Fetheme_brands&post=1770"},{"taxonomy":"product_brand","embeddable":true,"href":"https:\/\/powermode.bcardmexico.com\/index.php?rest_route=%2Fwp%2Fv2%2Fproduct_brand&post=1770"},{"taxonomy":"product_cat","embeddable":true,"href":"https:\/\/powermode.bcardmexico.com\/index.php?rest_route=%2Fwp%2Fv2%2Fproduct_cat&post=1770"},{"taxonomy":"product_tag","embeddable":true,"href":"https:\/\/powermode.bcardmexico.com\/index.php?rest_route=%2Fwp%2Fv2%2Fproduct_tag&post=1770"}],"curies":[{"name":"wp","href":"https:\/\/api.w.org\/{rel}","templated":true}]}}