{"id":1785,"date":"2026-05-12T21:23:20","date_gmt":"2026-05-12T21:23:20","guid":{"rendered":"https:\/\/powermode.bcardmexico.com\/?post_type=product&#038;p=1785"},"modified":"2026-05-12T21:26:16","modified_gmt":"2026-05-12T21:26:16","slug":"playera-fc-barcelona-edicion-bichota-23-24","status":"publish","type":"product","link":"https:\/\/powermode.bcardmexico.com\/?product=playera-fc-barcelona-edicion-bichota-23-24","title":{"rendered":"Playera FC Barcelona Edicion Bichota 23\/24"},"content":{"rendered":"<p><img loading=\"lazy\" loading=\"lazy\" decoding=\"async\" class=\"alignnone size-medium wp-image-1695\" src=\"https:\/\/powermode.bcardmexico.com\/wp-content\/uploads\/2026\/05\/WhatsApp-Image-2026-05-11-at-17.29.48-1-300x74.jpeg\" alt=\"\" width=\"300\" height=\"74\" srcset=\"https:\/\/powermode.bcardmexico.com\/wp-content\/uploads\/2026\/05\/WhatsApp-Image-2026-05-11-at-17.29.48-1-300x74.jpeg 300w, https:\/\/powermode.bcardmexico.com\/wp-content\/uploads\/2026\/05\/WhatsApp-Image-2026-05-11-at-17.29.48-1-600x149.jpeg 600w, https:\/\/powermode.bcardmexico.com\/wp-content\/uploads\/2026\/05\/WhatsApp-Image-2026-05-11-at-17.29.48-1-1x1.jpeg 1w, https:\/\/powermode.bcardmexico.com\/wp-content\/uploads\/2026\/05\/WhatsApp-Image-2026-05-11-at-17.29.48-1-10x2.jpeg 10w, https:\/\/powermode.bcardmexico.com\/wp-content\/uploads\/2026\/05\/WhatsApp-Image-2026-05-11-at-17.29.48-1.jpeg 678w\" sizes=\"auto, (max-width: 300px) 100vw, 300px\" \/><\/p>\n<p>&nbsp;<\/p>\n<p>&nbsp;<\/p>\n<p>TODOS NUESTROS PRODUCTOS INCLUYEN ENVIO A DOMICILIO !!!<\/p>\n","protected":false},"excerpt":{"rendered":"<h2 data-path-to-node=\"3\"><b data-path-to-node=\"3\" data-index-in-node=\"0\">Playera FC Barcelona Edici\u00f3n Especial: Versi\u00f3n Jugador 2023-2024<\/b><\/h2>\n<p data-path-to-node=\"4\">Lleva el rendimiento de la cancha a tu estilo diario con la <b data-path-to-node=\"4\" data-index-in-node=\"60\">versi\u00f3n jugador<\/b> de la camiseta oficial del FC Barcelona. Esta prenda es id\u00e9ntica a la que utilizan los profesionales en el Spotify Camp Nou, dise\u00f1ada espec\u00edficamente para ofrecer el m\u00e1ximo rendimiento deportivo.<\/p>\n<h3 data-path-to-node=\"5\"><b data-path-to-node=\"5\" data-index-in-node=\"0\">Caracter\u00edsticas Principales:<\/b><\/h3>\n<ul data-path-to-node=\"6\">\n<li>\n<p data-path-to-node=\"6,0,0\"><b data-path-to-node=\"6,0,0\" data-index-in-node=\"0\">Corte Atl\u00e9tico (Slim Fit):<\/b> Dise\u00f1o ajustado que reduce el roce y mejora la aerodin\u00e1mica durante el movimiento.<\/p>\n<\/li>\n<li>\n<p data-path-to-node=\"6,1,0\"><b data-path-to-node=\"6,1,0\" data-index-in-node=\"0\">Tecnolog\u00eda de Tejido Avanzada:<\/b> Fabricada con materiales de alta ingenier\u00eda que ofrecen una transpirabilidad superior y absorci\u00f3n inmediata del sudor para mantenerte fresco.<\/p>\n<\/li>\n<li>\n<p data-path-to-node=\"6,2,0\"><b data-path-to-node=\"6,2,0\" data-index-in-node=\"0\">Detalles Termotransferidos:<\/b> Escudo y logotipos aplicados con calor para eliminar las costuras internas, garantizando una ligereza total y evitando irritaciones en la piel.<\/p>\n<\/li>\n<li>\n<p data-path-to-node=\"6,3,0\"><b data-path-to-node=\"6,3,0\" data-index-in-node=\"0\">Edici\u00f3n de Colecci\u00f3n:<\/b> Esta versi\u00f3n incluye el logotipo exclusivo de <b data-path-to-node=\"6,3,0\" data-index-in-node=\"68\">Karol G<\/b>, convirti\u00e9ndola en una pieza \u00fanica para aficionados y coleccionistas.<\/p>\n<\/li>\n<\/ul>\n<h3 data-path-to-node=\"7\"><b data-path-to-node=\"7\" data-index-in-node=\"0\">\u00bfPor qu\u00e9 elegir la Versi\u00f3n Jugador?<\/b><\/h3>\n<p data-path-to-node=\"8\">A diferencia de la versi\u00f3n comercial, la <b data-path-to-node=\"8\" data-index-in-node=\"41\">Player Version<\/b> destaca por su tejido con textura microperforada y un ajuste m\u00e1s preciso al cuerpo. Es la opci\u00f3n ideal para quienes buscan la m\u00e1xima calidad textil y el dise\u00f1o t\u00e9cnico m\u00e1s avanzado del mercado.<\/p>\n<hr data-path-to-node=\"9\" \/>\n<p data-path-to-node=\"10\"><b data-path-to-node=\"10\" data-index-in-node=\"0\">Especificaciones t\u00e9cnicas:<\/b><\/p>\n<ul data-path-to-node=\"11\">\n<li>\n<p data-path-to-node=\"11,0,0\"><b data-path-to-node=\"11,0,0\" data-index-in-node=\"0\">Marca:<\/b> Nike (Tecnolog\u00eda de alto rendimiento)<\/p>\n<\/li>\n<li>\n<p data-path-to-node=\"11,1,0\"><b data-path-to-node=\"11,1,0\" data-index-in-node=\"0\">Temporada:<\/b> 2023-2024<\/p>\n<\/li>\n<li>\n<p data-path-to-node=\"11,2,0\"><b data-path-to-node=\"11,2,0\" data-index-in-node=\"0\">Env\u00edo:<\/b> Contamos con cobertura <b data-path-to-node=\"11,2,0\" data-index-in-node=\"30\">nacional e internacional<\/b>.<\/p>\n<\/li>\n<\/ul>\n","protected":false},"featured_media":1786,"comment_status":"open","ping_status":"closed","template":"","meta":[],"etheme_brands":[],"product_brand":[],"product_cat":[41],"product_tag":[],"class_list":{"0":"post-1785","1":"product","2":"type-product","3":"status-publish","4":"has-post-thumbnail","6":"product_cat-playera-version-jugador","8":"first","9":"instock","10":"shipping-taxable","11":"purchasable","12":"product-type-variable"},"yoast_head":"<!-- This site is optimized with the Yoast SEO Premium plugin v23.4 (Yoast SEO v23.4) - https:\/\/yoast.com\/wordpress\/plugins\/seo\/ -->\n<title>Playera FC Barcelona Edicion Bichota 23\/24 - PowerMode<\/title>\n<meta name=\"robots\" content=\"index, follow, max-snippet:-1, max-image-preview:large, max-video-preview:-1\" \/>\n<link rel=\"canonical\" href=\"https:\/\/powermode.bcardmexico.com\/?product=playera-fc-barcelona-edicion-bichota-23-24\" \/>\n<meta property=\"og:locale\" content=\"es_MX\" \/>\n<meta property=\"og:type\" content=\"article\" \/>\n<meta property=\"og:title\" content=\"Playera FC Barcelona Edicion Bichota 23\/24\" \/>\n<meta property=\"og:description\" content=\"Playera FC Barcelona Edici\u00f3n Especial: Versi\u00f3n Jugador 2023-2024 Lleva el rendimiento de la cancha a tu estilo diario con la versi\u00f3n jugador de la camiseta oficial del FC Barcelona. Esta prenda es id\u00e9ntica a la que utilizan los profesionales en el Spotify Camp Nou, dise\u00f1ada espec\u00edficamente para ofrecer el m\u00e1ximo rendimiento deportivo.  Caracter\u00edsticas Principales:    Corte Atl\u00e9tico (Slim Fit): Dise\u00f1o ajustado que reduce el roce y mejora la aerodin\u00e1mica durante el movimiento.    Tecnolog\u00eda de Tejido Avanzada: Fabricada con materiales de alta ingenier\u00eda que ofrecen una transpirabilidad superior y absorci\u00f3n inmediata del sudor para mantenerte fresco.    Detalles Termotransferidos: Escudo y logotipos aplicados con calor para eliminar las costuras internas, garantizando una ligereza total y evitando irritaciones en la piel.    Edici\u00f3n de Colecci\u00f3n: Esta versi\u00f3n incluye el logotipo exclusivo de Karol G, convirti\u00e9ndola en una pieza \u00fanica para aficionados y coleccionistas.   \u00bfPor qu\u00e9 elegir la Versi\u00f3n Jugador? A diferencia de la versi\u00f3n comercial, la Player Version destaca por su tejido con textura microperforada y un ajuste m\u00e1s preciso al cuerpo. Es la opci\u00f3n ideal para quienes buscan la m\u00e1xima calidad textil y el dise\u00f1o t\u00e9cnico m\u00e1s avanzado del mercado.    Especificaciones t\u00e9cnicas:     Marca: Nike (Tecnolog\u00eda de alto rendimiento)    Temporada: 2023-2024    Env\u00edo: Contamos con cobertura nacional e internacional.\" \/>\n<meta property=\"og:url\" content=\"https:\/\/powermode.bcardmexico.com\/?product=playera-fc-barcelona-edicion-bichota-23-24\" \/>\n<meta property=\"og:site_name\" content=\"PowerMode\" \/>\n<meta property=\"article:modified_time\" content=\"2026-05-12T21:26:16+00:00\" \/>\n<meta property=\"og:image\" content=\"https:\/\/powermode.bcardmexico.com\/wp-content\/uploads\/2026\/05\/744ab5bc-scaled.jpeg\" \/>\n\t<meta property=\"og:image:width\" content=\"1920\" \/>\n\t<meta property=\"og:image:height\" content=\"2560\" \/>\n\t<meta property=\"og:image:type\" content=\"image\/jpeg\" \/>\n<meta name=\"twitter:card\" content=\"summary_large_image\" \/>\n<meta name=\"twitter:label1\" content=\"Tiempo de lectura\" \/>\n\t<meta name=\"twitter:data1\" content=\"1 minuto\" \/>\n<script type=\"application\/ld+json\" class=\"yoast-schema-graph\">{\"@context\":\"https:\/\/schema.org\",\"@graph\":[{\"@type\":\"WebPage\",\"@id\":\"https:\/\/powermode.bcardmexico.com\/?product=playera-fc-barcelona-edicion-bichota-23-24\",\"url\":\"https:\/\/powermode.bcardmexico.com\/?product=playera-fc-barcelona-edicion-bichota-23-24\",\"name\":\"Playera FC Barcelona Edicion Bichota 23\/24 - PowerMode\",\"isPartOf\":{\"@id\":\"https:\/\/powermode.bcardmexico.com\/#website\"},\"primaryImageOfPage\":{\"@id\":\"https:\/\/powermode.bcardmexico.com\/?product=playera-fc-barcelona-edicion-bichota-23-24#primaryimage\"},\"image\":{\"@id\":\"https:\/\/powermode.bcardmexico.com\/?product=playera-fc-barcelona-edicion-bichota-23-24#primaryimage\"},\"thumbnailUrl\":\"https:\/\/powermode.bcardmexico.com\/wp-content\/uploads\/2026\/05\/744ab5bc-scaled.jpeg\",\"datePublished\":\"2026-05-12T21:23:20+00:00\",\"dateModified\":\"2026-05-12T21:26:16+00:00\",\"breadcrumb\":{\"@id\":\"https:\/\/powermode.bcardmexico.com\/?product=playera-fc-barcelona-edicion-bichota-23-24#breadcrumb\"},\"inLanguage\":\"es\",\"potentialAction\":[{\"@type\":\"ReadAction\",\"target\":[\"https:\/\/powermode.bcardmexico.com\/?product=playera-fc-barcelona-edicion-bichota-23-24\"]}]},{\"@type\":\"ImageObject\",\"inLanguage\":\"es\",\"@id\":\"https:\/\/powermode.bcardmexico.com\/?product=playera-fc-barcelona-edicion-bichota-23-24#primaryimage\",\"url\":\"https:\/\/powermode.bcardmexico.com\/wp-content\/uploads\/2026\/05\/744ab5bc-scaled.jpeg\",\"contentUrl\":\"https:\/\/powermode.bcardmexico.com\/wp-content\/uploads\/2026\/05\/744ab5bc-scaled.jpeg\",\"width\":1920,\"height\":2560},{\"@type\":\"BreadcrumbList\",\"@id\":\"https:\/\/powermode.bcardmexico.com\/?product=playera-fc-barcelona-edicion-bichota-23-24#breadcrumb\",\"itemListElement\":[{\"@type\":\"ListItem\",\"position\":1,\"name\":\"Inicio\",\"item\":\"https:\/\/powermode.bcardmexico.com\/\"},{\"@type\":\"ListItem\",\"position\":2,\"name\":\"Shop\",\"item\":\"https:\/\/powermode.bcardmexico.com\/?page_id=6\"},{\"@type\":\"ListItem\",\"position\":3,\"name\":\"Playera FC Barcelona Edicion Bichota 23\/24\"}]},{\"@type\":\"WebSite\",\"@id\":\"https:\/\/powermode.bcardmexico.com\/#website\",\"url\":\"https:\/\/powermode.bcardmexico.com\/\",\"name\":\"Power Mode\",\"description\":\"\",\"publisher\":{\"@id\":\"https:\/\/powermode.bcardmexico.com\/#organization\"},\"potentialAction\":[{\"@type\":\"SearchAction\",\"target\":{\"@type\":\"EntryPoint\",\"urlTemplate\":\"https:\/\/powermode.bcardmexico.com\/?s={search_term_string}\"},\"query-input\":{\"@type\":\"PropertyValueSpecification\",\"valueRequired\":true,\"valueName\":\"search_term_string\"}}],\"inLanguage\":\"es\"},{\"@type\":\"Organization\",\"@id\":\"https:\/\/powermode.bcardmexico.com\/#organization\",\"name\":\"Power Mode\",\"url\":\"https:\/\/powermode.bcardmexico.com\/\",\"logo\":{\"@type\":\"ImageObject\",\"inLanguage\":\"es\",\"@id\":\"https:\/\/powermode.bcardmexico.com\/#\/schema\/logo\/image\/\",\"url\":\"https:\/\/powermode.bcardmexico.com\/wp-content\/uploads\/2021\/08\/Logo.png\",\"contentUrl\":\"https:\/\/powermode.bcardmexico.com\/wp-content\/uploads\/2021\/08\/Logo.png\",\"width\":231,\"height\":49,\"caption\":\"Power Mode\"},\"image\":{\"@id\":\"https:\/\/powermode.bcardmexico.com\/#\/schema\/logo\/image\/\"}}]}<\/script>\n<!-- \/ Yoast SEO Premium plugin. -->","yoast_head_json":{"title":"Playera FC Barcelona Edicion Bichota 23\/24 - PowerMode","robots":{"index":"index","follow":"follow","max-snippet":"max-snippet:-1","max-image-preview":"max-image-preview:large","max-video-preview":"max-video-preview:-1"},"canonical":"https:\/\/powermode.bcardmexico.com\/?product=playera-fc-barcelona-edicion-bichota-23-24","og_locale":"es_MX","og_type":"article","og_title":"Playera FC Barcelona Edicion Bichota 23\/24","og_description":"Playera FC Barcelona Edici\u00f3n Especial: Versi\u00f3n Jugador 2023-2024 Lleva el rendimiento de la cancha a tu estilo diario con la versi\u00f3n jugador de la camiseta oficial del FC Barcelona. Esta prenda es id\u00e9ntica a la que utilizan los profesionales en el Spotify Camp Nou, dise\u00f1ada espec\u00edficamente para ofrecer el m\u00e1ximo rendimiento deportivo.  Caracter\u00edsticas Principales:    Corte Atl\u00e9tico (Slim Fit): Dise\u00f1o ajustado que reduce el roce y mejora la aerodin\u00e1mica durante el movimiento.    Tecnolog\u00eda de Tejido Avanzada: Fabricada con materiales de alta ingenier\u00eda que ofrecen una transpirabilidad superior y absorci\u00f3n inmediata del sudor para mantenerte fresco.    Detalles Termotransferidos: Escudo y logotipos aplicados con calor para eliminar las costuras internas, garantizando una ligereza total y evitando irritaciones en la piel.    Edici\u00f3n de Colecci\u00f3n: Esta versi\u00f3n incluye el logotipo exclusivo de Karol G, convirti\u00e9ndola en una pieza \u00fanica para aficionados y coleccionistas.   \u00bfPor qu\u00e9 elegir la Versi\u00f3n Jugador? A diferencia de la versi\u00f3n comercial, la Player Version destaca por su tejido con textura microperforada y un ajuste m\u00e1s preciso al cuerpo. Es la opci\u00f3n ideal para quienes buscan la m\u00e1xima calidad textil y el dise\u00f1o t\u00e9cnico m\u00e1s avanzado del mercado.    Especificaciones t\u00e9cnicas:     Marca: Nike (Tecnolog\u00eda de alto rendimiento)    Temporada: 2023-2024    Env\u00edo: Contamos con cobertura nacional e internacional.","og_url":"https:\/\/powermode.bcardmexico.com\/?product=playera-fc-barcelona-edicion-bichota-23-24","og_site_name":"PowerMode","article_modified_time":"2026-05-12T21:26:16+00:00","og_image":[{"width":1920,"height":2560,"url":"https:\/\/powermode.bcardmexico.com\/wp-content\/uploads\/2026\/05\/744ab5bc-scaled.jpeg","type":"image\/jpeg"}],"twitter_card":"summary_large_image","twitter_misc":{"Tiempo de lectura":"1 minuto"},"schema":{"@context":"https:\/\/schema.org","@graph":[{"@type":"WebPage","@id":"https:\/\/powermode.bcardmexico.com\/?product=playera-fc-barcelona-edicion-bichota-23-24","url":"https:\/\/powermode.bcardmexico.com\/?product=playera-fc-barcelona-edicion-bichota-23-24","name":"Playera FC Barcelona Edicion Bichota 23\/24 - PowerMode","isPartOf":{"@id":"https:\/\/powermode.bcardmexico.com\/#website"},"primaryImageOfPage":{"@id":"https:\/\/powermode.bcardmexico.com\/?product=playera-fc-barcelona-edicion-bichota-23-24#primaryimage"},"image":{"@id":"https:\/\/powermode.bcardmexico.com\/?product=playera-fc-barcelona-edicion-bichota-23-24#primaryimage"},"thumbnailUrl":"https:\/\/powermode.bcardmexico.com\/wp-content\/uploads\/2026\/05\/744ab5bc-scaled.jpeg","datePublished":"2026-05-12T21:23:20+00:00","dateModified":"2026-05-12T21:26:16+00:00","breadcrumb":{"@id":"https:\/\/powermode.bcardmexico.com\/?product=playera-fc-barcelona-edicion-bichota-23-24#breadcrumb"},"inLanguage":"es","potentialAction":[{"@type":"ReadAction","target":["https:\/\/powermode.bcardmexico.com\/?product=playera-fc-barcelona-edicion-bichota-23-24"]}]},{"@type":"ImageObject","inLanguage":"es","@id":"https:\/\/powermode.bcardmexico.com\/?product=playera-fc-barcelona-edicion-bichota-23-24#primaryimage","url":"https:\/\/powermode.bcardmexico.com\/wp-content\/uploads\/2026\/05\/744ab5bc-scaled.jpeg","contentUrl":"https:\/\/powermode.bcardmexico.com\/wp-content\/uploads\/2026\/05\/744ab5bc-scaled.jpeg","width":1920,"height":2560},{"@type":"BreadcrumbList","@id":"https:\/\/powermode.bcardmexico.com\/?product=playera-fc-barcelona-edicion-bichota-23-24#breadcrumb","itemListElement":[{"@type":"ListItem","position":1,"name":"Inicio","item":"https:\/\/powermode.bcardmexico.com\/"},{"@type":"ListItem","position":2,"name":"Shop","item":"https:\/\/powermode.bcardmexico.com\/?page_id=6"},{"@type":"ListItem","position":3,"name":"Playera FC Barcelona Edicion Bichota 23\/24"}]},{"@type":"WebSite","@id":"https:\/\/powermode.bcardmexico.com\/#website","url":"https:\/\/powermode.bcardmexico.com\/","name":"Power Mode","description":"","publisher":{"@id":"https:\/\/powermode.bcardmexico.com\/#organization"},"potentialAction":[{"@type":"SearchAction","target":{"@type":"EntryPoint","urlTemplate":"https:\/\/powermode.bcardmexico.com\/?s={search_term_string}"},"query-input":{"@type":"PropertyValueSpecification","valueRequired":true,"valueName":"search_term_string"}}],"inLanguage":"es"},{"@type":"Organization","@id":"https:\/\/powermode.bcardmexico.com\/#organization","name":"Power Mode","url":"https:\/\/powermode.bcardmexico.com\/","logo":{"@type":"ImageObject","inLanguage":"es","@id":"https:\/\/powermode.bcardmexico.com\/#\/schema\/logo\/image\/","url":"https:\/\/powermode.bcardmexico.com\/wp-content\/uploads\/2021\/08\/Logo.png","contentUrl":"https:\/\/powermode.bcardmexico.com\/wp-content\/uploads\/2021\/08\/Logo.png","width":231,"height":49,"caption":"Power Mode"},"image":{"@id":"https:\/\/powermode.bcardmexico.com\/#\/schema\/logo\/image\/"}}]}},"_links":{"self":[{"href":"https:\/\/powermode.bcardmexico.com\/index.php?rest_route=\/wp\/v2\/product\/1785","targetHints":{"allow":["GET"]}}],"collection":[{"href":"https:\/\/powermode.bcardmexico.com\/index.php?rest_route=\/wp\/v2\/product"}],"about":[{"href":"https:\/\/powermode.bcardmexico.com\/index.php?rest_route=\/wp\/v2\/types\/product"}],"replies":[{"embeddable":true,"href":"https:\/\/powermode.bcardmexico.com\/index.php?rest_route=%2Fwp%2Fv2%2Fcomments&post=1785"}],"version-history":[{"count":2,"href":"https:\/\/powermode.bcardmexico.com\/index.php?rest_route=\/wp\/v2\/product\/1785\/revisions"}],"predecessor-version":[{"id":1795,"href":"https:\/\/powermode.bcardmexico.com\/index.php?rest_route=\/wp\/v2\/product\/1785\/revisions\/1795"}],"wp:featuredmedia":[{"embeddable":true,"href":"https:\/\/powermode.bcardmexico.com\/index.php?rest_route=\/wp\/v2\/media\/1786"}],"wp:attachment":[{"href":"https:\/\/powermode.bcardmexico.com\/index.php?rest_route=%2Fwp%2Fv2%2Fmedia&parent=1785"}],"wp:term":[{"taxonomy":"brand","embeddable":true,"href":"https:\/\/powermode.bcardmexico.com\/index.php?rest_route=%2Fwp%2Fv2%2Fetheme_brands&post=1785"},{"taxonomy":"product_brand","embeddable":true,"href":"https:\/\/powermode.bcardmexico.com\/index.php?rest_route=%2Fwp%2Fv2%2Fproduct_brand&post=1785"},{"taxonomy":"product_cat","embeddable":true,"href":"https:\/\/powermode.bcardmexico.com\/index.php?rest_route=%2Fwp%2Fv2%2Fproduct_cat&post=1785"},{"taxonomy":"product_tag","embeddable":true,"href":"https:\/\/powermode.bcardmexico.com\/index.php?rest_route=%2Fwp%2Fv2%2Fproduct_tag&post=1785"}],"curies":[{"name":"wp","href":"https:\/\/api.w.org\/{rel}","templated":true}]}}